{"id":351,"date":"2016-05-24T09:11:50","date_gmt":"2016-05-24T09:11:50","guid":{"rendered":"http:\/\/import.wpcasa.com\/london\/?page_id=351"},"modified":"2017-12-07T03:53:16","modified_gmt":"2017-12-07T03:53:16","slug":"services","status":"publish","type":"page","link":"https:\/\/mercedesmorales.com\/es\/services\/","title":{"rendered":"\u00bfCompras o vendes?"},"content":{"rendered":"<p><\/p>\n<h1><strong>Asesoramiento de Expertos Profesionales.<\/strong><\/h1>\n<p>Mercedes Morales Properties ha estado a la vanguardia del mercado inmobiliario de Marbella desde 1990\u2026<br \/>\nSomos un equipo multi -nacional, multi -lingual, proporcionando\u00a0 al\u00a0 cliente \u00a0un servicio personal y con dedicaci\u00f3n\u00a0a los compradores y vendedores, y nos centramos en las zonas m\u00e1s exclusivas \u00a0Marbella y de alrededores.<\/p>\n<h2><strong>\u00bfQuiere comprar una propiedad?<\/strong><\/h2>\n<p>Ofrecemos un enfoque de consultor\u00eda personal para ayudarle a encontrar la propiedad adecuada en la ubicaci\u00f3n correcta,\u00a0tanto si usted desea comprar\u00a0como inversi\u00f3n a largo plazo o simplemente elegir una casa de vacaciones para usted y su familia. Estamos especializados en las 3 \u00e1reas clave del mercado inmobiliario de:\u00a0Marbella \u2013 Nueva Andaluc\u00eda (Puerto Ban\u00fas y Valle del Golf), Marbella Milla\u00a0de Oro,\u00a0o\u00a0bien Marbella Sierra Blanca, de los que tenemos un conocimiento detallado, ofreciendo Villas\u00a0 exclusivas, Lujosos apartamentos, \u00e1ticos y\u00a0Nuevas Promociones \u201cdentro del Plan Parcial\u00a0Urban\u00edstico aprobado hasta la fecha\u201c. Aqu\u00ed, en nuestro nuevo sitio web, usted puede buscar f\u00e1cilmente tanto a nuestros propios anuncios inmobiliarios\u00a0en exclusiva y as\u00ed mismo en nuestra\u00a0Red de Agencias distribuidas\u00a0a lo largo\u00a0de\u00a0toda la costa del Sol.\u00a0\u00a1Tenemos acceso a m\u00e1s de 25.000 propiedades en la Costa del Sol!!! .<\/p>\n<p>Simplemente nos pueden llamar por tel\u00e9fono\u00a0o\u00a0nos pueden enviar un correo electr\u00f3nico con sus requisitos y nosotros le proporcionaremos una evaluaci\u00f3n inicial para ayudarle a mejorar sus criterios de decisi\u00f3n.<\/p>\n<p>\u00a1Esperamos poder ayudarles\u00a0a encontrar su casa de ensue\u00f1o!<\/p>\n<h2><strong>\u00bfQuiere vender\u00a0su propiedad?<\/strong><\/h2>\n<p>Cualquier transacci\u00f3n inmobiliaria exitosa debe satisfacer las necesidades y criterios del comprador y el vendedor. Aqu\u00ed, en Mercedes Morales Properties, nos aseguramos de que los clientes que est\u00e1n considerando la venta de sus propiedades se les da el mejor asesoramiento y orientaci\u00f3n al respecto. Es muy importante, para aquellos\u00a0que quieren vender su propiedad r\u00e1pidamente,\u00a0entender las condiciones actuales del mercado, para as\u00ed conseguir el\u00a0precio adecuado a esos par\u00e1metros\u00a0del mercado inmobiliario. Para\u00a0ello\u00a0le ofrecemos un servicio de Valoraci\u00f3n Gratuito, basado en nuestra experiencia y en otras transacciones inmobiliarios recientes en la misma zona,\u00a0urbanizaci\u00f3n o Edificio. Consideramos muy de cerca la valoraci\u00f3n Oficial de la Entidad\u00a0Bancaria\u00a0o \u201cTasaci\u00f3n\u201d y tambi\u00e9n las din\u00e1micas actuales y futuras del mercado. Los \u00faltimos meses se ha visto un resurgimiento del mercado inmobiliario de la zona de Marbella\u00a0y as\u00ed como\u00a0los alrededores, tanto en t\u00e9rminos de nivel de transacciones como por el\u00a0precio actual pagado por m2.<\/p>\n<p>Nuestro equipo est\u00e1 perfectamente capacitado\u00a0y comprometido,\u00a0para ayudarle a obtener las mejores condiciones y el mejor precio para la venta de\u00a0su propiedad.<\/p>\n<p>&nbsp;<\/p>","protected":false},"excerpt":{"rendered":"<p>Asesoramiento de Expertos Profesionales. Mercedes Morales Properties ha estado a la vanguardia del mercado inmobiliario de Marbella desde 1990\u2026 Somos un equipo multi -nacional, multi -lingual, proporcionando\u00a0 al\u00a0 cliente \u00a0un servicio personal y con dedicaci\u00f3n\u00a0a los compradores y vendedores, y nos centramos en las zonas m\u00e1s exclusivas \u00a0Marbella y de alrededores. \u00bfQuiere comprar una propiedad?<span class=\"moretag\"><a href=\"https:\/\/mercedesmorales.com\/es\/services\/\" class=\"btn btn-primary\">More info<\/a><\/span><\/p>\n","protected":false},"author":1,"featured_media":0,"parent":0,"menu_order":0,"comment_status":"closed","ping_status":"closed","template":"","meta":[],"_links":{"self":[{"href":"https:\/\/mercedesmorales.com\/es\/wp-json\/wp\/v2\/pages\/351"}],"collection":[{"href":"https:\/\/mercedesmorales.com\/es\/wp-json\/wp\/v2\/pages"}],"about":[{"href":"https:\/\/mercedesmorales.com\/es\/wp-json\/wp\/v2\/types\/page"}],"author":[{"embeddable":true,"href":"https:\/\/mercedesmorales.com\/es\/wp-json\/wp\/v2\/users\/1"}],"replies":[{"embeddable":true,"href":"https:\/\/mercedesmorales.com\/es\/wp-json\/wp\/v2\/comments?post=351"}],"version-history":[{"count":2,"href":"https:\/\/mercedesmorales.com\/es\/wp-json\/wp\/v2\/pages\/351\/revisions"}],"predecessor-version":[{"id":21623,"href":"https:\/\/mercedesmorales.com\/es\/wp-json\/wp\/v2\/pages\/351\/revisions\/21623"}],"wp:attachment":[{"href":"https:\/\/mercedesmorales.com\/es\/wp-json\/wp\/v2\/media?parent=351"}],"curies":[{"name":"wp","href":"https:\/\/api.w.org\/{rel}","templated":true}]}}