{"id":191,"date":"2016-05-22T10:30:31","date_gmt":"2016-05-22T10:30:31","guid":{"rendered":"http:\/\/import.wpcasa.com\/london\/?page_id=191"},"modified":"2024-09-20T16:47:13","modified_gmt":"2024-09-20T16:47:13","slug":"home","status":"publish","type":"page","link":"https:\/\/mercedesmorales.com\/es\/","title":{"rendered":"Home"},"content":{"rendered":"<p><\/p>\n<h1 style=\"text-align: center;\">Mercedes Morales Properties<\/h1>\n<blockquote>\n<p style=\"text-align: center;\">Desde que inaugur\u00e9 mi compa\u00f1\u00eda en 1990, muchos clientes han cumplido el sue\u00f1o de tener una propiedad en Espa\u00f1a. Nuestra agencia trabaja en colaboraci\u00f3n con abogados, constructores, t\u00e9cnicos y otros profesionales del sector inmobiliario para proporcionar al cliente un servicio eficaz y profesional.<\/p>\n<p style=\"text-align: center;\">Nuestro departamento de ventas trabaja todo tipo de propiedades, as\u00ed como grandes oportunidades de inversi\u00f3n. El departamento post-venta estar\u00e1 a su entera disposici\u00f3n en cualquier momento que nos necesite. Disponemos de un departamento especial de alquileres a su servicio.<\/p>\n<p style=\"text-align: center;\">Su elecci\u00f3n es la correcta, Mercedes Morales Properties trabajar\u00e1 para usted! No dude en contactar con nosotros por t\u00e9lefono, fax o e-mail para cualquier pregunta.<\/p>\n<p style=\"text-align: center;\">Esperamos verle en nuestra oficina pronto. Gracias por su tiempo y su confianza.<\/p>\n<\/blockquote>\n<p><\/p>","protected":false},"excerpt":{"rendered":"<p>Mercedes Morales Properties Desde que inaugur\u00e9 mi compa\u00f1\u00eda en 1990, muchos clientes han cumplido el sue\u00f1o de tener una propiedad en Espa\u00f1a. Nuestra agencia trabaja en colaboraci\u00f3n con abogados, constructores, t\u00e9cnicos y otros profesionales del sector inmobiliario para proporcionar al cliente un servicio eficaz y profesional. Nuestro departamento de ventas trabaja todo tipo de propiedades,<span class=\"moretag\"><a href=\"https:\/\/mercedesmorales.com\/es\/\" class=\"btn btn-primary\">More info<\/a><\/span><\/p>\n","protected":false},"author":1,"featured_media":0,"parent":0,"menu_order":0,"comment_status":"closed","ping_status":"closed","template":"page-tpl-home.php","meta":[],"_links":{"self":[{"href":"https:\/\/mercedesmorales.com\/es\/wp-json\/wp\/v2\/pages\/191"}],"collection":[{"href":"https:\/\/mercedesmorales.com\/es\/wp-json\/wp\/v2\/pages"}],"about":[{"href":"https:\/\/mercedesmorales.com\/es\/wp-json\/wp\/v2\/types\/page"}],"author":[{"embeddable":true,"href":"https:\/\/mercedesmorales.com\/es\/wp-json\/wp\/v2\/users\/1"}],"replies":[{"embeddable":true,"href":"https:\/\/mercedesmorales.com\/es\/wp-json\/wp\/v2\/comments?post=191"}],"version-history":[{"count":10,"href":"https:\/\/mercedesmorales.com\/es\/wp-json\/wp\/v2\/pages\/191\/revisions"}],"predecessor-version":[{"id":21731,"href":"https:\/\/mercedesmorales.com\/es\/wp-json\/wp\/v2\/pages\/191\/revisions\/21731"}],"wp:attachment":[{"href":"https:\/\/mercedesmorales.com\/es\/wp-json\/wp\/v2\/media?parent=191"}],"curies":[{"name":"wp","href":"https:\/\/api.w.org\/{rel}","templated":true}]}}